{"id":2702,"date":"2020-11-20T19:34:37","date_gmt":"2020-11-20T19:34:37","guid":{"rendered":"https:\/\/valdorsac.com\/?page_id=2702"},"modified":"2025-04-01T23:37:28","modified_gmt":"2025-04-01T23:37:28","slug":"aplicaciones","status":"publish","type":"page","link":"https:\/\/valdorsac.com\/en\/aplicaciones\/","title":{"rendered":"Applications"},"content":{"rendered":"<div data-elementor-type=\"wp-post\" data-elementor-id=\"2702\" class=\"elementor elementor-2702\">\n\t\t\t\t\t\t<section class=\"elementor-section elementor-top-section elementor-element elementor-element-7245a270 elementor-section-content-middle elementor-section-height-min-height elementor-section-boxed elementor-section-height-default elementor-section-items-middle\" data-id=\"7245a270\" data-element_type=\"section\" data-e-type=\"section\" data-settings=\"{&quot;background_background&quot;:&quot;classic&quot;}\">\n\t\t\t\t\t\t\t<div class=\"elementor-background-overlay\"><\/div>\n\t\t\t\t\t\t\t<div class=\"elementor-container elementor-column-gap-no\">\n\t\t\t\t\t<div class=\"elementor-column elementor-col-100 elementor-top-column elementor-element elementor-element-44a749e1\" data-id=\"44a749e1\" data-element_type=\"column\" data-e-type=\"column\">\n\t\t\t<div class=\"elementor-widget-wrap elementor-element-populated\">\n\t\t\t\t\t\t<div class=\"elementor-element elementor-element-467728e8 elementor-widget elementor-widget-heading\" data-id=\"467728e8\" data-element_type=\"widget\" data-e-type=\"widget\" data-widget_type=\"heading.default\">\n\t\t\t\t<div class=\"elementor-widget-container\">\n\t\t\t\t\t<h1 class=\"elementor-heading-title elementor-size-default\">Applications<\/h1>\t\t\t\t<\/div>\n\t\t\t\t<\/div>\n\t\t\t\t\t<\/div>\n\t\t<\/div>\n\t\t\t\t\t<\/div>\n\t\t<\/section>\n\t\t\t\t<section class=\"elementor-section elementor-top-section elementor-element elementor-element-585e3d19 elementor-section-content-middle elementor-reverse-mobile elementor-section-full_width elementor-section-height-default elementor-section-height-default\" data-id=\"585e3d19\" data-element_type=\"section\" data-e-type=\"section\" data-settings=\"{&quot;background_background&quot;:&quot;classic&quot;}\">\n\t\t\t\t\t\t<div class=\"elementor-container elementor-column-gap-no\">\n\t\t\t\t\t<div class=\"elementor-column elementor-col-50 elementor-top-column elementor-element elementor-element-28249b63\" data-id=\"28249b63\" data-element_type=\"column\" data-e-type=\"column\">\n\t\t\t<div class=\"elementor-widget-wrap elementor-element-populated\">\n\t\t\t\t\t<div class=\"elementor-background-overlay\"><\/div>\n\t\t\t\t\t\t<div class=\"elementor-element elementor-element-9160b5e elementor-widget elementor-widget-image\" data-id=\"9160b5e\" data-element_type=\"widget\" data-e-type=\"widget\" data-widget_type=\"image.default\">\n\t\t\t\t<div class=\"elementor-widget-container\">\n\t\t\t\t\t\t\t\t\t\t\t\t\t\t\t<img fetchpriority=\"high\" decoding=\"async\" width=\"674\" height=\"576\" src=\"https:\/\/valdorsac.com\/wp-content\/uploads\/2020\/11\/mineria-min.png\" class=\"attachment-large size-large wp-image-2715\" alt=\"\" srcset=\"https:\/\/valdorsac.com\/wp-content\/uploads\/2020\/11\/mineria-min.png 674w, https:\/\/valdorsac.com\/wp-content\/uploads\/2020\/11\/mineria-min-300x256.png 300w\" sizes=\"(max-width: 674px) 100vw, 674px\" \/>\t\t\t\t\t\t\t\t\t\t\t\t\t\t\t<\/div>\n\t\t\t\t<\/div>\n\t\t\t\t\t<\/div>\n\t\t<\/div>\n\t\t\t\t<div class=\"elementor-column elementor-col-50 elementor-top-column elementor-element elementor-element-6f344de8\" data-id=\"6f344de8\" data-element_type=\"column\" data-e-type=\"column\" data-settings=\"{&quot;background_background&quot;:&quot;classic&quot;}\">\n\t\t\t<div class=\"elementor-widget-wrap elementor-element-populated\">\n\t\t\t\t\t\t<div class=\"elementor-element elementor-element-4a6b6a72 elementor-widget elementor-widget-heading\" data-id=\"4a6b6a72\" data-element_type=\"widget\" data-e-type=\"widget\" data-widget_type=\"heading.default\">\n\t\t\t\t<div class=\"elementor-widget-container\">\n\t\t\t\t\t<h2 class=\"elementor-heading-title elementor-size-default\">MINING<\/h2>\t\t\t\t<\/div>\n\t\t\t\t<\/div>\n\t\t\t\t<div class=\"elementor-element elementor-element-e511ff9 elementor-widget elementor-widget-text-editor\" data-id=\"e511ff9\" data-element_type=\"widget\" data-e-type=\"widget\" data-widget_type=\"text-editor.default\">\n\t\t\t\t<div class=\"elementor-widget-container\">\n\t\t\t\t\t\t\t\t\t<p>La geof\u00edsica aplicada a la prospecci\u00f3n minera permite la detecci\u00f3n y el estudio de cuerpos mineralizados y\/o diseminados que presenten una variaci\u00f3n medible en sus propiedades f\u00edsicas con respecto a la zona en la que se encuentran (roca caja); as\u00edmismo, es posible detectar mediante m\u00e9todos geof\u00edsicos fallas estructurales, unidades litol\u00f3gicas y efectos culturales. La geof\u00edsica aplicada en la prospecci\u00f3n minera a menudo es conformada por equipos de trabajo que incluyen ge\u00f3logos, ingenieros, geof\u00edsicos y t\u00e9cnicos de apoyo, estos equipos planifican el trabajo, recopilan e interpretan los datos de campo y eval\u00faan el potencial econ\u00f3mico de los hallazgos. Los m\u00e9todos usualmente aplicados en la prospecci\u00f3n minera son magnetometr\u00eda, resistividad el\u00e9ctrica, polarizaci\u00f3n inducida, potencial espont\u00e1neo, m\u00e9todos electromagn\u00e9ticos, VLF, magnetotel\u00farico y gravimetr\u00eda.<\/p>\t\t\t\t\t\t\t\t<\/div>\n\t\t\t\t<\/div>\n\t\t\t\t\t<\/div>\n\t\t<\/div>\n\t\t\t\t\t<\/div>\n\t\t<\/section>\n\t\t\t\t<section class=\"elementor-section elementor-top-section elementor-element elementor-element-bc40d84 elementor-section-content-middle elementor-section-full_width elementor-section-height-default elementor-section-height-default\" data-id=\"bc40d84\" data-element_type=\"section\" data-e-type=\"section\" data-settings=\"{&quot;background_background&quot;:&quot;classic&quot;}\">\n\t\t\t\t\t\t<div class=\"elementor-container elementor-column-gap-no\">\n\t\t\t\t\t<div class=\"elementor-column elementor-col-50 elementor-top-column elementor-element elementor-element-5fb3f8c\" data-id=\"5fb3f8c\" data-element_type=\"column\" data-e-type=\"column\" data-settings=\"{&quot;background_background&quot;:&quot;classic&quot;}\">\n\t\t\t<div class=\"elementor-widget-wrap elementor-element-populated\">\n\t\t\t\t\t\t<div class=\"elementor-element elementor-element-b1a11ea elementor-widget elementor-widget-heading\" data-id=\"b1a11ea\" data-element_type=\"widget\" data-e-type=\"widget\" data-widget_type=\"heading.default\">\n\t\t\t\t<div class=\"elementor-widget-container\">\n\t\t\t\t\t<h2 class=\"elementor-heading-title elementor-size-default\">GEOTECHNICS<\/h2>\t\t\t\t<\/div>\n\t\t\t\t<\/div>\n\t\t\t\t<div class=\"elementor-element elementor-element-7881f12 elementor-widget elementor-widget-text-editor\" data-id=\"7881f12\" data-element_type=\"widget\" data-e-type=\"widget\" data-widget_type=\"text-editor.default\">\n\t\t\t\t<div class=\"elementor-widget-container\">\n\t\t\t\t\t\t\t\t\tThe application of geophysical methods in civil and environmental engineering has gained prominence in recent years, covering a wide range of applications such as the study of soil conditions for buildings, seismic zoning, basement depth detection and fault detection. The most common geophysical methods applied to geotechnics are gravity, ground magnetic, refraction seismic, electrical resistivity, electromagnetic and radar.\n\t\t\t\t\t\t\t\t<\/div>\n\t\t\t\t<\/div>\n\t\t\t\t\t<\/div>\n\t\t<\/div>\n\t\t\t\t<div class=\"elementor-column elementor-col-50 elementor-top-column elementor-element elementor-element-72299b7\" data-id=\"72299b7\" data-element_type=\"column\" data-e-type=\"column\">\n\t\t\t<div class=\"elementor-widget-wrap elementor-element-populated\">\n\t\t\t\t\t<div class=\"elementor-background-overlay\"><\/div>\n\t\t\t\t\t\t<div class=\"elementor-element elementor-element-4cdee88 elementor-widget elementor-widget-image\" data-id=\"4cdee88\" data-element_type=\"widget\" data-e-type=\"widget\" data-widget_type=\"image.default\">\n\t\t\t\t<div class=\"elementor-widget-container\">\n\t\t\t\t\t\t\t\t\t\t\t\t\t\t\t<img decoding=\"async\" width=\"2048\" height=\"1536\" src=\"https:\/\/valdorsac.com\/wp-content\/uploads\/2021\/02\/SEV1.jpg\" class=\"attachment-2048x2048 size-2048x2048 wp-image-2969\" alt=\"\" srcset=\"https:\/\/valdorsac.com\/wp-content\/uploads\/2021\/02\/SEV1.jpg 2048w, https:\/\/valdorsac.com\/wp-content\/uploads\/2021\/02\/SEV1-300x225.jpg 300w, https:\/\/valdorsac.com\/wp-content\/uploads\/2021\/02\/SEV1-1024x768.jpg 1024w, https:\/\/valdorsac.com\/wp-content\/uploads\/2021\/02\/SEV1-768x576.jpg 768w, https:\/\/valdorsac.com\/wp-content\/uploads\/2021\/02\/SEV1-1536x1152.jpg 1536w\" sizes=\"(max-width: 2048px) 100vw, 2048px\" \/>\t\t\t\t\t\t\t\t\t\t\t\t\t\t\t<\/div>\n\t\t\t\t<\/div>\n\t\t\t\t\t<\/div>\n\t\t<\/div>\n\t\t\t\t\t<\/div>\n\t\t<\/section>\n\t\t\t\t<section class=\"elementor-section elementor-top-section elementor-element elementor-element-b0339f3 elementor-section-content-middle elementor-reverse-mobile elementor-section-full_width elementor-section-height-default elementor-section-height-default\" data-id=\"b0339f3\" data-element_type=\"section\" data-e-type=\"section\" data-settings=\"{&quot;background_background&quot;:&quot;classic&quot;}\">\n\t\t\t\t\t\t<div class=\"elementor-container elementor-column-gap-no\">\n\t\t\t\t\t<div class=\"elementor-column elementor-col-50 elementor-top-column elementor-element elementor-element-a8839b3\" data-id=\"a8839b3\" data-element_type=\"column\" data-e-type=\"column\">\n\t\t\t<div class=\"elementor-widget-wrap elementor-element-populated\">\n\t\t\t\t\t<div class=\"elementor-background-overlay\"><\/div>\n\t\t\t\t\t\t<div class=\"elementor-element elementor-element-b429875 elementor-widget elementor-widget-image\" data-id=\"b429875\" data-element_type=\"widget\" data-e-type=\"widget\" data-widget_type=\"image.default\">\n\t\t\t\t<div class=\"elementor-widget-container\">\n\t\t\t\t\t\t\t\t\t\t\t\t\t\t\t<img decoding=\"async\" width=\"674\" height=\"576\" src=\"https:\/\/valdorsac.com\/wp-content\/uploads\/2020\/11\/arqueologia-min.png\" class=\"attachment-large size-large wp-image-2716\" alt=\"\" srcset=\"https:\/\/valdorsac.com\/wp-content\/uploads\/2020\/11\/arqueologia-min.png 674w, https:\/\/valdorsac.com\/wp-content\/uploads\/2020\/11\/arqueologia-min-300x256.png 300w\" sizes=\"(max-width: 674px) 100vw, 674px\" \/>\t\t\t\t\t\t\t\t\t\t\t\t\t\t\t<\/div>\n\t\t\t\t<\/div>\n\t\t\t\t\t<\/div>\n\t\t<\/div>\n\t\t\t\t<div class=\"elementor-column elementor-col-50 elementor-top-column elementor-element elementor-element-8c39b52\" data-id=\"8c39b52\" data-element_type=\"column\" data-e-type=\"column\" data-settings=\"{&quot;background_background&quot;:&quot;classic&quot;}\">\n\t\t\t<div class=\"elementor-widget-wrap elementor-element-populated\">\n\t\t\t\t\t\t<div class=\"elementor-element elementor-element-2c8f642 elementor-widget elementor-widget-heading\" data-id=\"2c8f642\" data-element_type=\"widget\" data-e-type=\"widget\" data-widget_type=\"heading.default\">\n\t\t\t\t<div class=\"elementor-widget-container\">\n\t\t\t\t\t<h2 class=\"elementor-heading-title elementor-size-default\">ARCHAEOLOGY<\/h2>\t\t\t\t<\/div>\n\t\t\t\t<\/div>\n\t\t\t\t<div class=\"elementor-element elementor-element-e33bd68 elementor-widget elementor-widget-text-editor\" data-id=\"e33bd68\" data-element_type=\"widget\" data-e-type=\"widget\" data-widget_type=\"text-editor.default\">\n\t\t\t\t<div class=\"elementor-widget-container\">\n\t\t\t\t\t\t\t\t\t<p>Geophysical methods in archeological projects are used in the delimitation and investigation of cultural remains at a relatively low cost and in a non-destructive manner, which allows designing projects with a different direction. Geophysics also extends the local scope of the survey area in order to have a better knowledge of the survey area features and not only of the materials or remains to be detected. The information obtained by geophysical methods is modeled in 2D and 3D results that allow choosing optimal excavation areas in order to obtain more efficient results. Geophysics is mainly applied in spatial archaeology, exploration and delimitation of archaeological areas and architectural archaeology. The most common methods applied to archaeology are magnetic, electrical resistivity, electromagnetic and radar.\u00a0<span style=\"font-size: 19px;\">La informaci\u00f3n obtenida mediante m\u00e9todos geof\u00edsicos es modelada en resultados 2D y 3D que permiten elegir zonas \u00f3ptimas de excavaci\u00f3n a fin de obtener resultados m\u00e1s efectivos. La geof\u00edsica se aplica principalmente en arqueolog\u00eda espacial, exploraci\u00f3n y delimitaci\u00f3n de \u00e1reas arqueol\u00f3gicas y arquelog\u00eda de la arquitectura. Los m\u00e9todos aplicados m\u00e1s comunes son magnetometr\u00eda, resistividad el\u00e9ctrica, m\u00e9todos electromagn\u00e9ticos y de radar.<\/span><\/p>\t\t\t\t\t\t\t\t<\/div>\n\t\t\t\t<\/div>\n\t\t\t\t\t<\/div>\n\t\t<\/div>\n\t\t\t\t\t<\/div>\n\t\t<\/section>\n\t\t\t\t<section class=\"elementor-section elementor-top-section elementor-element elementor-element-66dc815 elementor-section-content-middle elementor-section-full_width elementor-section-height-default elementor-section-height-default\" data-id=\"66dc815\" data-element_type=\"section\" data-e-type=\"section\" data-settings=\"{&quot;background_background&quot;:&quot;classic&quot;}\">\n\t\t\t\t\t\t<div class=\"elementor-container elementor-column-gap-no\">\n\t\t\t\t\t<div class=\"elementor-column elementor-col-50 elementor-top-column elementor-element elementor-element-92c2cab\" data-id=\"92c2cab\" data-element_type=\"column\" data-e-type=\"column\" data-settings=\"{&quot;background_background&quot;:&quot;classic&quot;}\">\n\t\t\t<div class=\"elementor-widget-wrap elementor-element-populated\">\n\t\t\t\t\t\t<div class=\"elementor-element elementor-element-3b650bb elementor-widget elementor-widget-heading\" data-id=\"3b650bb\" data-element_type=\"widget\" data-e-type=\"widget\" data-widget_type=\"heading.default\">\n\t\t\t\t<div class=\"elementor-widget-container\">\n\t\t\t\t\t<h2 class=\"elementor-heading-title elementor-size-default\">Oil and Gas<\/h2>\t\t\t\t<\/div>\n\t\t\t\t<\/div>\n\t\t\t\t<div class=\"elementor-element elementor-element-44831fd elementor-widget elementor-widget-text-editor\" data-id=\"44831fd\" data-element_type=\"widget\" data-e-type=\"widget\" data-widget_type=\"text-editor.default\">\n\t\t\t\t<div class=\"elementor-widget-container\">\n\t\t\t\t\t\t\t\t\tGeophysical prospecting in the oil and gas field is mainly used in the study of geological characteristics of the subsurface. Magnetic and gravity are used as initial reconnaissance methods that can reveal the presence of sedimentary basins, which should always be corroborated with seismic results. The methods commonly applied in oil and gas exploration are gravity, magnetic, seismic and in the background, can also be applied electromagnetic and magneto-telluric.\t\t\t\t\t\t\t\t<\/div>\n\t\t\t\t<\/div>\n\t\t\t\t\t<\/div>\n\t\t<\/div>\n\t\t\t\t<div class=\"elementor-column elementor-col-50 elementor-top-column elementor-element elementor-element-bafc436\" data-id=\"bafc436\" data-element_type=\"column\" data-e-type=\"column\">\n\t\t\t<div class=\"elementor-widget-wrap elementor-element-populated\">\n\t\t\t\t\t<div class=\"elementor-background-overlay\"><\/div>\n\t\t\t\t\t\t<div class=\"elementor-element elementor-element-712c675 elementor-widget elementor-widget-image\" data-id=\"712c675\" data-element_type=\"widget\" data-e-type=\"widget\" data-widget_type=\"image.default\">\n\t\t\t\t<div class=\"elementor-widget-container\">\n\t\t\t\t\t\t\t\t\t\t\t\t\t\t\t<img loading=\"lazy\" decoding=\"async\" width=\"674\" height=\"576\" src=\"https:\/\/valdorsac.com\/wp-content\/uploads\/2020\/11\/petroleo-min.png\" class=\"attachment-large size-large wp-image-2718\" alt=\"\" srcset=\"https:\/\/valdorsac.com\/wp-content\/uploads\/2020\/11\/petroleo-min.png 674w, https:\/\/valdorsac.com\/wp-content\/uploads\/2020\/11\/petroleo-min-300x256.png 300w\" sizes=\"(max-width: 674px) 100vw, 674px\" \/>\t\t\t\t\t\t\t\t\t\t\t\t\t\t\t<\/div>\n\t\t\t\t<\/div>\n\t\t\t\t\t<\/div>\n\t\t<\/div>\n\t\t\t\t\t<\/div>\n\t\t<\/section>\n\t\t\t\t<\/div>","protected":false},"excerpt":{"rendered":"<p>Aplicaciones MINER\u00cdA La geof\u00edsica aplicada a la prospecci\u00f3n minera permite la detecci\u00f3n y el estudio de cuerpos mineralizados y\/o diseminados que presenten una variaci\u00f3n medible en sus propiedades f\u00edsicas con respecto a la zona en la que se encuentran (roca caja); as\u00edmismo, es posible detectar mediante m\u00e9todos geof\u00edsicos fallas estructurales, unidades litol\u00f3gicas y efectos culturales. [&hellip;]<\/p>\n","protected":false},"author":4,"featured_media":2715,"parent":0,"menu_order":0,"comment_status":"closed","ping_status":"closed","template":"","meta":{"_editorskit_title_hidden":false,"_editorskit_reading_time":0,"_editorskit_is_block_options_detached":false,"_editorskit_block_options_position":"{}","site-sidebar-layout":"default","site-content-layout":"page-builder","ast-site-content-layout":"","site-content-style":"default","site-sidebar-style":"default","ast-global-header-display":"","ast-banner-title-visibility":"","ast-main-header-display":"","ast-hfb-above-header-display":"","ast-hfb-below-header-display":"","ast-hfb-mobile-header-display":"","site-post-title":"disabled","ast-breadcrumbs-content":"","ast-featured-img":"disabled","footer-sml-layout":"","theme-transparent-header-meta":"enabled","adv-header-id-meta":"","stick-header-meta":"","header-above-stick-meta":"","header-main-stick-meta":"","header-below-stick-meta":"","astra-migrate-meta-layouts":"default","ast-page-background-enabled":"default","ast-page-background-meta":{"desktop":{"background-color":"","background-image":"","background-repeat":"repeat","background-position":"center center","background-size":"auto","background-attachment":"scroll","background-type":"","background-media":"","overlay-type":"","overlay-color":"","overlay-gradient":""},"tablet":{"background-color":"","background-image":"","background-repeat":"repeat","background-position":"center center","background-size":"auto","background-attachment":"scroll","background-type":"","background-media":"","overlay-type":"","overlay-color":"","overlay-gradient":""},"mobile":{"background-color":"","background-image":"","background-repeat":"repeat","background-position":"center center","background-size":"auto","background-attachment":"scroll","background-type":"","background-media":"","overlay-type":"","overlay-color":"","overlay-gradient":""}},"ast-content-background-meta":{"desktop":{"background-color":"var(--ast-global-color-5)","background-image":"","background-repeat":"repeat","background-position":"center center","background-size":"auto","background-attachment":"scroll","background-type":"","background-media":"","overlay-type":"","overlay-color":"","overlay-gradient":""},"tablet":{"background-color":"var(--ast-global-color-5)","background-image":"","background-repeat":"repeat","background-position":"center center","background-size":"auto","background-attachment":"scroll","background-type":"","background-media":"","overlay-type":"","overlay-color":"","overlay-gradient":""},"mobile":{"background-color":"var(--ast-global-color-5)","background-image":"","background-repeat":"repeat","background-position":"center center","background-size":"auto","background-attachment":"scroll","background-type":"","background-media":"","overlay-type":"","overlay-color":"","overlay-gradient":""}},"footnotes":""},"class_list":["post-2702","page","type-page","status-publish","has-post-thumbnail","hentry"],"_links":{"self":[{"href":"https:\/\/valdorsac.com\/en\/wp-json\/wp\/v2\/pages\/2702","targetHints":{"allow":["GET"]}}],"collection":[{"href":"https:\/\/valdorsac.com\/en\/wp-json\/wp\/v2\/pages"}],"about":[{"href":"https:\/\/valdorsac.com\/en\/wp-json\/wp\/v2\/types\/page"}],"author":[{"embeddable":true,"href":"https:\/\/valdorsac.com\/en\/wp-json\/wp\/v2\/users\/4"}],"replies":[{"embeddable":true,"href":"https:\/\/valdorsac.com\/en\/wp-json\/wp\/v2\/comments?post=2702"}],"version-history":[{"count":21,"href":"https:\/\/valdorsac.com\/en\/wp-json\/wp\/v2\/pages\/2702\/revisions"}],"predecessor-version":[{"id":3590,"href":"https:\/\/valdorsac.com\/en\/wp-json\/wp\/v2\/pages\/2702\/revisions\/3590"}],"wp:featuredmedia":[{"embeddable":true,"href":"https:\/\/valdorsac.com\/en\/wp-json\/wp\/v2\/media\/2715"}],"wp:attachment":[{"href":"https:\/\/valdorsac.com\/en\/wp-json\/wp\/v2\/media?parent=2702"}],"curies":[{"name":"wp","href":"https:\/\/api.w.org\/{rel}","templated":true}]}}